{"id":283,"date":"2023-06-02T21:25:11","date_gmt":"2023-06-02T18:25:11","guid":{"rendered":"http:\/\/meaphilately.com.tr\/?page_id=283"},"modified":"2024-06-10T21:13:20","modified_gmt":"2024-06-10T18:13:20","slug":"portfolio","status":"publish","type":"page","link":"https:\/\/meaphilately.com.tr\/","title":{"rendered":"PORTFOLYO\/PORTFOLIO"},"content":{"rendered":"\n<p><\/p>\n\n\n\n<div class=\"wp-block-media-text alignwide is-stacked-on-mobile is-image-fill\"><figure class=\"wp-block-media-text__media\" style=\"background-image:url(http:\/\/meaphilately.com.tr\/wp-content\/uploads\/2023\/06\/021-2-1024x699.jpg);background-position:50% 50%\"><a href=\"http:\/\/meaphilately.com.tr\/?page_id=14\"><img loading=\"lazy\" decoding=\"async\" width=\"1024\" height=\"699\" src=\"http:\/\/meaphilately.com.tr\/wp-content\/uploads\/2023\/06\/021-2-1024x699.jpg\" alt=\"\" class=\"wp-image-963 size-full\" srcset=\"https:\/\/meaphilately.com.tr\/wp-content\/uploads\/2023\/06\/021-2-1024x699.jpg 1024w, https:\/\/meaphilately.com.tr\/wp-content\/uploads\/2023\/06\/021-2-300x205.jpg 300w, https:\/\/meaphilately.com.tr\/wp-content\/uploads\/2023\/06\/021-2-768x525.jpg 768w, https:\/\/meaphilately.com.tr\/wp-content\/uploads\/2023\/06\/021-2.jpg 1464w\" sizes=\"auto, (max-width: 1024px) 100vw, 1024px\" \/><\/a><\/figure><div class=\"wp-block-media-text__content\">\n<p>TRAKYA POSTA TAR\u0130H\u0130<\/p>\n\n\n\n<p>THE POSTAL HISTORY OF THRACE<\/p>\n<\/div><\/div>\n\n\n\n<p><\/p>\n\n\n\n<div class=\"wp-block-media-text alignwide is-stacked-on-mobile is-image-fill\"><figure class=\"wp-block-media-text__media\" style=\"background-image:url(http:\/\/meaphilately.com.tr\/wp-content\/uploads\/2023\/06\/85-3.jpg);background-position:45% 51%\"><a href=\"http:\/\/meaphilately.com.tr\/?page_id=655\"><img loading=\"lazy\" decoding=\"async\" width=\"703\" height=\"817\" src=\"http:\/\/meaphilately.com.tr\/wp-content\/uploads\/2023\/06\/85-3.jpg\" alt=\"\" class=\"wp-image-957 size-full\" srcset=\"https:\/\/meaphilately.com.tr\/wp-content\/uploads\/2023\/06\/85-3.jpg 703w, https:\/\/meaphilately.com.tr\/wp-content\/uploads\/2023\/06\/85-3-258x300.jpg 258w\" sizes=\"auto, (max-width: 703px) 100vw, 703px\" \/><\/a><\/figure><div class=\"wp-block-media-text__content\">\n<p>YAZ OL\u0130MP\u0130YAT OYUNLARI<\/p>\n\n\n\n<p>THE SUMMER OLIMPIC GAMES<\/p>\n<\/div><\/div>\n\n\n\n<p><\/p>\n\n\n\n<div class=\"wp-block-media-text alignwide is-stacked-on-mobile is-image-fill\"><figure class=\"wp-block-media-text__media\" style=\"background-image:url(http:\/\/meaphilately.com.tr\/wp-content\/uploads\/2023\/06\/tara0013.jpg);background-position:86% 77%\"><a href=\"http:\/\/meaphilately.com.tr\/?page_id=698\"><img loading=\"lazy\" decoding=\"async\" width=\"686\" height=\"1000\" src=\"http:\/\/meaphilately.com.tr\/wp-content\/uploads\/2023\/06\/tara0013.jpg\" alt=\"\" class=\"wp-image-690 size-full\" srcset=\"https:\/\/meaphilately.com.tr\/wp-content\/uploads\/2023\/06\/tara0013.jpg 686w, https:\/\/meaphilately.com.tr\/wp-content\/uploads\/2023\/06\/tara0013-206x300.jpg 206w\" sizes=\"auto, (max-width: 686px) 100vw, 686px\" \/><\/a><\/figure><div class=\"wp-block-media-text__content\">\n<p>D\u00dcNYA KUPASI<\/p>\n\n\n\n<p>WORLD CUP<\/p>\n\n\n\n<p><\/p>\n<\/div><\/div>\n\n\n\n<p><\/p>\n\n\n\n<div class=\"wp-block-media-text alignwide is-stacked-on-mobile is-image-fill\"><figure class=\"wp-block-media-text__media\" style=\"background-image:url(http:\/\/meaphilately.com.tr\/wp-content\/uploads\/2023\/06\/1-1024x735.jpg);background-position:50% 50%\"><a href=\"http:\/\/meaphilately.com.tr\/?page_id=720\"><img loading=\"lazy\" decoding=\"async\" width=\"1024\" height=\"735\" src=\"http:\/\/meaphilately.com.tr\/wp-content\/uploads\/2023\/06\/1-1024x735.jpg\" alt=\"\" class=\"wp-image-964 size-full\" srcset=\"https:\/\/meaphilately.com.tr\/wp-content\/uploads\/2023\/06\/1-1024x735.jpg 1024w, https:\/\/meaphilately.com.tr\/wp-content\/uploads\/2023\/06\/1-300x215.jpg 300w, https:\/\/meaphilately.com.tr\/wp-content\/uploads\/2023\/06\/1-768x551.jpg 768w, https:\/\/meaphilately.com.tr\/wp-content\/uploads\/2023\/06\/1.jpg 1393w\" sizes=\"auto, (max-width: 1024px) 100vw, 1024px\" \/><\/a><\/figure><div class=\"wp-block-media-text__content\">\n<p>FORMULA 1<\/p>\n<\/div><\/div>\n\n\n\n<p><\/p>\n\n\n\n<div class=\"wp-block-media-text alignwide is-stacked-on-mobile is-image-fill\"><figure class=\"wp-block-media-text__media\" style=\"background-image:url(http:\/\/meaphilately.com.tr\/wp-content\/uploads\/2023\/06\/16-1.jpg);background-position:49% 33%\"><a href=\"http:\/\/meaphilately.com.tr\/?page_id=423\"><img loading=\"lazy\" decoding=\"async\" width=\"822\" height=\"760\" src=\"http:\/\/meaphilately.com.tr\/wp-content\/uploads\/2023\/06\/16-1.jpg\" alt=\"\" class=\"wp-image-959 size-photozoom-thumb-featured\" srcset=\"https:\/\/meaphilately.com.tr\/wp-content\/uploads\/2023\/06\/16-1.jpg 822w, https:\/\/meaphilately.com.tr\/wp-content\/uploads\/2023\/06\/16-1-300x277.jpg 300w, https:\/\/meaphilately.com.tr\/wp-content\/uploads\/2023\/06\/16-1-768x710.jpg 768w\" sizes=\"auto, (max-width: 822px) 100vw, 822px\" \/><\/a><\/figure><div class=\"wp-block-media-text__content\">\n<p>UNESCO D\u00dcNYA M\u0130RASI<br>ED\u0130RNE SEL\u0130M\u0130YE CAM\u0130 ve K\u00dcLL\u0130YES\u0130<\/p>\n\n\n\n<p>UNESCO WORLD HERITAGE<br>ED\u0130RNE SEL\u0130M\u0130YE MOSQUE<\/p>\n<\/div><\/div>\n","protected":false},"excerpt":{"rendered":"<p>TRAKYA POSTA TAR\u0130H\u0130 THE POSTAL HISTORY OF THRACE YAZ OL\u0130MP\u0130YAT OYUNLARI THE SUMMER OLIMPIC GAMES D\u00dcNYA KUPASI WORLD CUP FORMULA 1 UNESCO D\u00dcNYA M\u0130RASIED\u0130RNE SEL\u0130M\u0130YE CAM\u0130 ve K\u00dcLL\u0130YES\u0130 UNESCO WORLD [&hellip;]<\/p>\n","protected":false},"author":1,"featured_media":0,"parent":0,"menu_order":0,"comment_status":"closed","ping_status":"closed","template":"","meta":{"footnotes":""},"class_list":["post-283","page","type-page","status-publish","hentry"],"_links":{"self":[{"href":"https:\/\/meaphilately.com.tr\/index.php?rest_route=\/wp\/v2\/pages\/283","targetHints":{"allow":["GET"]}}],"collection":[{"href":"https:\/\/meaphilately.com.tr\/index.php?rest_route=\/wp\/v2\/pages"}],"about":[{"href":"https:\/\/meaphilately.com.tr\/index.php?rest_route=\/wp\/v2\/types\/page"}],"author":[{"embeddable":true,"href":"https:\/\/meaphilately.com.tr\/index.php?rest_route=\/wp\/v2\/users\/1"}],"replies":[{"embeddable":true,"href":"https:\/\/meaphilately.com.tr\/index.php?rest_route=%2Fwp%2Fv2%2Fcomments&post=283"}],"version-history":[{"count":39,"href":"https:\/\/meaphilately.com.tr\/index.php?rest_route=\/wp\/v2\/pages\/283\/revisions"}],"predecessor-version":[{"id":973,"href":"https:\/\/meaphilately.com.tr\/index.php?rest_route=\/wp\/v2\/pages\/283\/revisions\/973"}],"wp:attachment":[{"href":"https:\/\/meaphilately.com.tr\/index.php?rest_route=%2Fwp%2Fv2%2Fmedia&parent=283"}],"curies":[{"name":"wp","href":"https:\/\/api.w.org\/{rel}","templated":true}]}}