{"id":658,"date":"2023-06-02T22:51:49","date_gmt":"2023-06-02T19:51:49","guid":{"rendered":"http:\/\/meaphilately.com.tr\/?page_id=658"},"modified":"2023-06-03T08:15:46","modified_gmt":"2023-06-03T05:15:46","slug":"contact","status":"publish","type":"page","link":"https:\/\/meaphilately.com.tr\/?page_id=658","title":{"rendered":"\u0130LET\u0130\u015e\u0130M\/CONTACT"},"content":{"rendered":"\n<p><strong>Mehmet Edip A\u011eAO\u011eULLARI<\/strong><br><a href=\"mailto:edip@olin.com.tr\">edip@olin.com.tr<\/a><br><a href=\"mailto:edip@edirnefilateli.com\">edip@edirnefilateli.com<\/a><br><a href=\"mailto:edip@meaphilately.com.tr\">edip@meaphilately.com.tr<\/a><\/p>\n","protected":false},"excerpt":{"rendered":"<p>Mehmet Edip A\u011eAO\u011eULLARIedip@olin.com.tredip@edirnefilateli.comedip@meaphilately.com.tr<\/p>\n","protected":false},"author":1,"featured_media":0,"parent":0,"menu_order":0,"comment_status":"closed","ping_status":"closed","template":"","meta":{"footnotes":""},"class_list":["post-658","page","type-page","status-publish","hentry"],"_links":{"self":[{"href":"https:\/\/meaphilately.com.tr\/index.php?rest_route=\/wp\/v2\/pages\/658","targetHints":{"allow":["GET"]}}],"collection":[{"href":"https:\/\/meaphilately.com.tr\/index.php?rest_route=\/wp\/v2\/pages"}],"about":[{"href":"https:\/\/meaphilately.com.tr\/index.php?rest_route=\/wp\/v2\/types\/page"}],"author":[{"embeddable":true,"href":"https:\/\/meaphilately.com.tr\/index.php?rest_route=\/wp\/v2\/users\/1"}],"replies":[{"embeddable":true,"href":"https:\/\/meaphilately.com.tr\/index.php?rest_route=%2Fwp%2Fv2%2Fcomments&post=658"}],"version-history":[{"count":8,"href":"https:\/\/meaphilately.com.tr\/index.php?rest_route=\/wp\/v2\/pages\/658\/revisions"}],"predecessor-version":[{"id":780,"href":"https:\/\/meaphilately.com.tr\/index.php?rest_route=\/wp\/v2\/pages\/658\/revisions\/780"}],"wp:attachment":[{"href":"https:\/\/meaphilately.com.tr\/index.php?rest_route=%2Fwp%2Fv2%2Fmedia&parent=658"}],"curies":[{"name":"wp","href":"https:\/\/api.w.org\/{rel}","templated":true}]}}