{"id":760,"date":"2023-06-03T00:13:21","date_gmt":"2023-06-02T21:13:21","guid":{"rendered":"http:\/\/meaphilately.com.tr\/?page_id=760"},"modified":"2023-12-23T14:27:51","modified_gmt":"2023-12-23T11:27:51","slug":"news","status":"publish","type":"page","link":"https:\/\/meaphilately.com.tr\/?page_id=760","title":{"rendered":"HABERLER\/NEWS"},"content":{"rendered":"\n<h2 class=\"wp-block-heading\">100. YIL PUL SERG\u0130S\u0130NDEN ED\u0130RNE\u2019YE B\u00dcY\u00dcK ALTIN MADALYA<\/h2>\n\n\n\n<p>Edirne Filatelist Derne\u011fi ad\u0131na Milli Sergiye kat\u0131lan Profes\u00f6r \u00d6mer Zaim\u2019in \u201cKimyada Nobel \u00d6d\u00fclleri\u201d koleksiyonu Milli J\u00fcrinin de\u011ferlendirmesi neticesinde 100 \u00fczerinden 90 puan alarak Alt\u0131n madalya, Elif Zaim\u2019in \u201c Kartlarda Kimya\u201d koleksiyonu ise 88 puan alarak B\u00fcy\u00fck Vermey Madalya kazanm\u0131\u015flard\u0131r.<\/p>\n\n\n<div class=\"wp-block-image is-style-default\">\n<figure class=\"aligncenter size-full is-resized\"><img loading=\"lazy\" decoding=\"async\" width=\"1107\" height=\"1028\" src=\"http:\/\/meaphilately.com.tr\/wp-content\/uploads\/2023\/12\/Federasyonun-3-Edirneli-yonetim-kurulu-uyesi-Muzaffer-Arda-Cengiz-Ulkerdogan-Mehmet-Edip-Agaogullari.jpg\" alt=\"\" class=\"wp-image-968\" style=\"width:620px;height:auto\" srcset=\"https:\/\/meaphilately.com.tr\/wp-content\/uploads\/2023\/12\/Federasyonun-3-Edirneli-yonetim-kurulu-uyesi-Muzaffer-Arda-Cengiz-Ulkerdogan-Mehmet-Edip-Agaogullari.jpg 1107w, https:\/\/meaphilately.com.tr\/wp-content\/uploads\/2023\/12\/Federasyonun-3-Edirneli-yonetim-kurulu-uyesi-Muzaffer-Arda-Cengiz-Ulkerdogan-Mehmet-Edip-Agaogullari-300x279.jpg 300w, https:\/\/meaphilately.com.tr\/wp-content\/uploads\/2023\/12\/Federasyonun-3-Edirneli-yonetim-kurulu-uyesi-Muzaffer-Arda-Cengiz-Ulkerdogan-Mehmet-Edip-Agaogullari-1024x951.jpg 1024w, https:\/\/meaphilately.com.tr\/wp-content\/uploads\/2023\/12\/Federasyonun-3-Edirneli-yonetim-kurulu-uyesi-Muzaffer-Arda-Cengiz-Ulkerdogan-Mehmet-Edip-Agaogullari-768x713.jpg 768w\" sizes=\"auto, (max-width: 1107px) 100vw, 1107px\" \/><\/figure>\n<\/div>\n\n\n<p>FEPA (Avrupa Filateli Organizasyonlar\u0131 Federasyonu) himayesinde yap\u0131lan Uluslararas\u0131 Sergide Edirne Filatelist Derne\u011fi Ba\u015fkan\u0131 Mehmet Edip A\u011fao\u011fullar\u0131\u2019n\u0131n 8 panodan ve 128 f\u00f6yden olu\u015fan \u201cTrakya Posta Tarihi\u201d koleksiyonu da yer alm\u0131\u015ft\u0131r. Sekiz uzmandan olu\u015fan uluslararas\u0131 j\u00fcri heyetinin de\u011ferlendirmesi neticesinde 1854-1922 y\u0131llar\u0131 aras\u0131nda Osmanl\u0131 \u0130mparatorlu\u011fu d\u00f6neminde Edirne Vilayetine ba\u011fl\u0131 Trakya\u2018daki \u015fehir ve yerle\u015fim yerlerine ait posta damgalar\u0131n\u0131n et\u00fcd\u00fc olan koleksiyon, 96 puan alarak B\u00fcy\u00fck Alt\u0131n madalya ile \u00f6d\u00fcllendirilmi\u015ftir.<\/p>\n\n\n<div class=\"wp-block-image\">\n<figure class=\"aligncenter size-large is-resized\"><img loading=\"lazy\" decoding=\"async\" width=\"1024\" height=\"819\" src=\"http:\/\/meaphilately.com.tr\/wp-content\/uploads\/2023\/12\/Sertifika-Buyuk-Altin-madalya-1024x819.png\" alt=\"\" class=\"wp-image-969\" style=\"width:590px;height:auto\" srcset=\"https:\/\/meaphilately.com.tr\/wp-content\/uploads\/2023\/12\/Sertifika-Buyuk-Altin-madalya-1024x819.png 1024w, https:\/\/meaphilately.com.tr\/wp-content\/uploads\/2023\/12\/Sertifika-Buyuk-Altin-madalya-300x240.png 300w, https:\/\/meaphilately.com.tr\/wp-content\/uploads\/2023\/12\/Sertifika-Buyuk-Altin-madalya-768x614.png 768w, https:\/\/meaphilately.com.tr\/wp-content\/uploads\/2023\/12\/Sertifika-Buyuk-Altin-madalya.png 1250w\" sizes=\"auto, (max-width: 1024px) 100vw, 1024px\" \/><\/figure>\n<\/div>\n\n\n<p>Cumhuriyetimizin 100. Y\u0131l\u0131 etkinlikleri \u00e7er\u00e7evesinde T\u00fcrkiye Filateli Dernekleri Federasyonu taraf\u0131ndan PTT A.\u015e. ile birlikte 20 \u2013 30 Ekim 2023 tarihleri aras\u0131nda Ankara, Ulucanlar Cezaevi M\u00fczesinde birbiri ard\u0131ndan hem Milli hem de Uluslararas\u0131 pul sergileri d\u00fczenlenmi\u015ftir. Ankara 2023 T\u00fcrkiye Cumhuriyeti\u2019nin 100. Y\u0131l\u0131 Pul Sergisine, Milli Sergi kategorisinde filatelinin 10 dal\u0131nda 103 koleksiyon, Uluslararas\u0131 kategoride ise 11 \u00fclkeden 9 dalda Osmanl\u0131 \u0130mparatorlu\u011fu ve T\u00fcrkiye konular\u0131n\u0131 i\u00e7eren 68 koleksiyon kat\u0131lm\u0131\u015ft\u0131r.<\/p>\n\n\n\n<p> <\/p>\n\n\n\n<h2 class=\"wp-block-heading\">IBRA ESSEN 2023 D\u00dcNYA PUL SERG\u0130S\u0130NDEN T\u00dcRK\u0130YE\u2019YE ALTIN MADALYA<\/h2>\n\n\n\n<div class=\"wp-block-media-text alignwide is-stacked-on-mobile is-image-fill\"><figure class=\"wp-block-media-text__media\" style=\"background-image:url(http:\/\/meaphilately.com.tr\/wp-content\/uploads\/2023\/06\/ibra.jpg);background-position:56% 32%\"><img loading=\"lazy\" decoding=\"async\" width=\"816\" height=\"1000\" src=\"http:\/\/meaphilately.com.tr\/wp-content\/uploads\/2023\/06\/ibra.jpg\" alt=\"\" class=\"wp-image-764 size-full\" srcset=\"https:\/\/meaphilately.com.tr\/wp-content\/uploads\/2023\/06\/ibra.jpg 816w, https:\/\/meaphilately.com.tr\/wp-content\/uploads\/2023\/06\/ibra-245x300.jpg 245w, https:\/\/meaphilately.com.tr\/wp-content\/uploads\/2023\/06\/ibra-768x941.jpg 768w\" sizes=\"auto, (max-width: 816px) 100vw, 816px\" \/><\/figure><div class=\"wp-block-media-text__content\">\n<p><\/p>\n\n\n\n<p>25 \u2013 28 May\u0131s 2023 tarihleri aras\u0131nda Almanya\u2019n\u0131n Essen kentinde d\u00fczenlenen FIP D\u00fcnya Pul Sergisine 66 \u00fclkeden filatelinin 13 dal\u0131nda 573 koleksiyon kat\u0131ld\u0131. 3660 panodan olu\u015fan sergide, T\u00fcrkiye\u2019yi temsilen kat\u0131lan 5 koleksiyon aras\u0131nda Edirne Filatelist Derne\u011fi Ba\u015fkan\u0131 Mehmet Edip A\u011fao\u011fullar\u0131\u2019n\u0131n 8 panodan ve 128 f\u00f6yden olu\u015fan \u201cTrakya Posta Tarihi\u201d koleksiyonu da yer ald\u0131. 51 uzmandan olu\u015fan uluslararas\u0131 juri heyetinin de\u011ferlendirmesi neticesinde 1854-1922 y\u0131llar\u0131 aras\u0131nda Osmanl\u0131 \u0130mparatorlu\u011fu d\u00f6neminde Edirne Vilayetine ba\u011fl\u0131 Trakya\u2018daki \u015fehir ve yerle\u015fim yerlerine ait posta damgalar\u0131n\u0131n et\u00fcd\u00fc olan koleksiyon, 100 \u00fczerinden 90 puan alarak Alt\u0131n madalya ile \u00f6d\u00fcllendirildi. Bu \u00f6d\u00fcl, derne\u011fimizin bug\u00fcne kadar D\u00fcnya Pul sergilerinde alm\u0131\u015f oldu\u011fu en iyi derece olarak kayda ge\u00e7ti.<\/p>\n<\/div><\/div>\n","protected":false},"excerpt":{"rendered":"<p>100. YIL PUL SERG\u0130S\u0130NDEN ED\u0130RNE\u2019YE B\u00dcY\u00dcK ALTIN MADALYA Edirne Filatelist Derne\u011fi ad\u0131na Milli Sergiye kat\u0131lan Profes\u00f6r \u00d6mer Zaim\u2019in \u201cKimyada Nobel \u00d6d\u00fclleri\u201d koleksiyonu Milli J\u00fcrinin de\u011ferlendirmesi neticesinde 100 \u00fczerinden 90 puan [&hellip;]<\/p>\n","protected":false},"author":1,"featured_media":0,"parent":0,"menu_order":0,"comment_status":"closed","ping_status":"closed","template":"","meta":{"footnotes":""},"class_list":["post-760","page","type-page","status-publish","hentry"],"_links":{"self":[{"href":"https:\/\/meaphilately.com.tr\/index.php?rest_route=\/wp\/v2\/pages\/760","targetHints":{"allow":["GET"]}}],"collection":[{"href":"https:\/\/meaphilately.com.tr\/index.php?rest_route=\/wp\/v2\/pages"}],"about":[{"href":"https:\/\/meaphilately.com.tr\/index.php?rest_route=\/wp\/v2\/types\/page"}],"author":[{"embeddable":true,"href":"https:\/\/meaphilately.com.tr\/index.php?rest_route=\/wp\/v2\/users\/1"}],"replies":[{"embeddable":true,"href":"https:\/\/meaphilately.com.tr\/index.php?rest_route=%2Fwp%2Fv2%2Fcomments&post=760"}],"version-history":[{"count":10,"href":"https:\/\/meaphilately.com.tr\/index.php?rest_route=\/wp\/v2\/pages\/760\/revisions"}],"predecessor-version":[{"id":970,"href":"https:\/\/meaphilately.com.tr\/index.php?rest_route=\/wp\/v2\/pages\/760\/revisions\/970"}],"wp:attachment":[{"href":"https:\/\/meaphilately.com.tr\/index.php?rest_route=%2Fwp%2Fv2%2Fmedia&parent=760"}],"curies":[{"name":"wp","href":"https:\/\/api.w.org\/{rel}","templated":true}]}}